{"id":1261,"date":"2025-12-18T11:29:35","date_gmt":"2025-12-18T11:29:35","guid":{"rendered":"http:\/\/ssancarlos.com.ar\/sancarlos\/?page_id=1261"},"modified":"2026-02-03T18:13:47","modified_gmt":"2026-02-03T18:13:47","slug":"trabaja-con-nosotros","status":"publish","type":"page","link":"https:\/\/ssancarlos.com.ar\/sancarlos\/trabaja-con-nosotros\/","title":{"rendered":"Trabaja con nosotros"},"content":{"rendered":"<p>[et_pb_section fb_built=\u00bb1&#8243; custom_padding_last_edited=\u00bbon|tablet\u00bb _builder_version=\u00bb4.27.5&#8243; _module_preset=\u00bbdefault\u00bb background_enable_color=\u00bboff\u00bb background_enable_image=\u00bboff\u00bb custom_margin=\u00bb||||false|false\u00bb custom_padding=\u00bb0px||80px||false|false\u00bb custom_padding_tablet=\u00bb0px||60px||false|false\u00bb custom_padding_phone=\u00bb0px||60px||false|false\u00bb border_radii=\u00bboff||||\u00bb global_colors_info=\u00bb{}\u00bb][et_pb_row column_structure=\u00bb1_2,1_2&#8243; _builder_version=\u00bb4.27.5&#8243; _module_preset=\u00bbdefault\u00bb width=\u00bb100%\u00bb max_width=\u00bb100%\u00bb custom_padding=\u00bb0px||0px||true|false\u00bb global_colors_info=\u00bb{}\u00bb][et_pb_column type=\u00bb1_2&#8243; _builder_version=\u00bb4.27.5&#8243; _module_preset=\u00bbdefault\u00bb background_enable_image=\u00bboff\u00bb border_radii=\u00bboff|||260px|\u00bb global_colors_info=\u00bb{}\u00bb][et_pb_image src=\u00bbhttps:\/\/ssancarlos.com.ar\/sancarlos\/wp-content\/uploads\/2026\/02\/anda.webp\u00bb _builder_version=\u00bb4.27.5&#8243; _module_preset=\u00bbdefault\u00bb hover_enabled=\u00bb0&#8243; global_colors_info=\u00bb{}\u00bb sticky_enabled=\u00bb0&#8243;][\/et_pb_image][\/et_pb_column][et_pb_column type=\u00bb1_2&#8243; _builder_version=\u00bb4.27.5&#8243; _module_preset=\u00bbdefault\u00bb custom_padding=\u00bb100px||||false|false\u00bb custom_padding_tablet=\u00bb60px||||false|false\u00bb custom_padding_phone=\u00bb60px||||false|false\u00bb custom_padding_last_edited=\u00bbon|phone\u00bb global_colors_info=\u00bb{}\u00bb][et_pb_text _builder_version=\u00bb4.27.5&#8243; _module_preset=\u00bbdefault\u00bb text_font=\u00bbDMSans-medium||||||||\u00bb text_text_color=\u00bb#002469&#8243; text_font_size=\u00bb26px\u00bb width_tablet=\u00bb80%\u00bb width_phone=\u00bb80%\u00bb width_last_edited=\u00bbon|phone\u00bb module_alignment=\u00bbcenter\u00bb custom_margin=\u00bb||20px||false|false\u00bb global_colors_info=\u00bb{}\u00bb]<\/p>\n<p>S\u00e9 parte de nuestro<\/p>\n<p>[\/et_pb_text][et_pb_text _builder_version=\u00bb4.27.5&#8243; _module_preset=\u00bbdefault\u00bb text_font=\u00bbDMSans-extrabold||||||||\u00bb text_text_color=\u00bb#002469&#8243; text_font_size=\u00bb60px\u00bb width_tablet=\u00bb80%\u00bb width_phone=\u00bb80%\u00bb width_last_edited=\u00bbon|tablet\u00bb custom_margin=\u00bb0px||||false|false\u00bb custom_padding=\u00bb||||false|false\u00bb text_font_size_tablet=\u00bb53px\u00bb text_font_size_phone=\u00bb40px\u00bb text_font_size_last_edited=\u00bbon|phone\u00bb module_alignment_tablet=\u00bbcenter\u00bb module_alignment_phone=\u00bbcenter\u00bb module_alignment_last_edited=\u00bbon|tablet\u00bb global_colors_info=\u00bb{}\u00bb]<\/p>\n<p>EQUIPO<\/p>\n<p>[\/et_pb_text][et_pb_text _builder_version=\u00bb4.27.5&#8243; _module_preset=\u00bbdefault\u00bb text_font=\u00bbDMSans-regular||||||||\u00bb text_text_color=\u00bb#4B4B4D\u00bb text_font_size=\u00bb17px\u00bb text_line_height=\u00bb1.8em\u00bb width=\u00bb80%\u00bb width_tablet=\u00bb80%\u00bb width_phone=\u00bb79%\u00bb width_last_edited=\u00bbon|tablet\u00bb module_alignment=\u00bbleft\u00bb custom_margin=\u00bb||0px||false|false\u00bb text_font_size_tablet=\u00bb16px\u00bb text_font_size_phone=\u00bb14px\u00bb text_font_size_last_edited=\u00bbon|tablet\u00bb module_alignment_tablet=\u00bbcenter\u00bb module_alignment_phone=\u00bbcenter\u00bb module_alignment_last_edited=\u00bbon|tablet\u00bb locked=\u00bboff\u00bb inline_fonts=\u00bbDMSans-medium,DMSans-extrabold\u00bb global_colors_info=\u00bb{}\u00bb]<\/p>\n<p><span style=\"font-family: DMSans-extrabold;\">Si quer\u00e9s ser parte de un equipo profesional<\/span> orientado a brindar el m\u00e1ximo bienestar al paciente a trav\u00e9s del compromiso, la integridad y la excelencia del desempe\u00f1o.<\/p>\n<p>[\/et_pb_text][\/et_pb_column][\/et_pb_row][\/et_pb_section][et_pb_section fb_built=\u00bb1&#8243; custom_padding_last_edited=\u00bbon|phone\u00bb _builder_version=\u00bb4.27.5&#8243; _module_preset=\u00bbdefault\u00bb background_color=\u00bb#E6E7E8&#8243; custom_padding=\u00bb100px||100px||false|false\u00bb custom_padding_tablet=\u00bb80px||80px||false|false\u00bb custom_padding_phone=\u00bb60px||60px||false|false\u00bb background_enable_image_tablet=\u00bboff\u00bb global_colors_info=\u00bb{}\u00bb][et_pb_row column_structure=\u00bb1_2,1_2&#8243; use_custom_gutter=\u00bbon\u00bb gutter_width=\u00bb1&#8243; _builder_version=\u00bb4.27.5&#8243; _module_preset=\u00bbdefault\u00bb background_enable_color=\u00bboff\u00bb background_image=\u00bbhttps:\/\/ssancarlos.com.ar\/sancarlos\/wp-content\/uploads\/2026\/01\/foto-equipo-scaled.webp\u00bb width_tablet=\u00bb100%\u00bb width_phone=\u00bb100%\u00bb width_last_edited=\u00bboff|desktop\u00bb custom_padding=\u00bb0px||0px||true|false\u00bb background_last_edited=\u00bboff|tablet\u00bb module_alignment_tablet=\u00bbcenter\u00bb module_alignment_phone=\u00bbcenter\u00bb module_alignment_last_edited=\u00bbon|desktop\u00bb border_radii=\u00bboff||90px||\u00bb box_shadow_style=\u00bbpreset1&#8243; box_shadow_blur=\u00bb60px\u00bb global_colors_info=\u00bb{}\u00bb][et_pb_column type=\u00bb1_2&#8243; disabled_on=\u00bbon|on|off\u00bb _builder_version=\u00bb4.27.5&#8243; _module_preset=\u00bbdefault\u00bb custom_padding=\u00bb||||true|false\u00bb border_radii=\u00bboff||||\u00bb global_colors_info=\u00bb{}\u00bb][\/et_pb_column][et_pb_column type=\u00bb1_2&#8243; _builder_version=\u00bb4.27.5&#8243; _module_preset=\u00bbdefault\u00bb background_color=\u00bb#FFFFFF\u00bb custom_padding=\u00bb80px|40px|80px|40px|true|true\u00bb border_radii=\u00bboff||90px||\u00bb global_colors_info=\u00bb{}\u00bb][et_pb_text content_tablet=\u00bb<\/p>\n<p>Instituto M\u00e9dico de la Mujer y<br \/>Centro Traumatol\u00f3gico<\/p>\n<p>\u00bb content_phone=\u00bb<\/p>\n<p>Instituto M\u00e9dico de <br \/>la Mujer y Centro Traumatol\u00f3gico<\/p>\n<p>\u00bb content_last_edited=\u00bboff|desktop\u00bb _builder_version=\u00bb4.27.5&#8243; _module_preset=\u00bbdefault\u00bb text_font=\u00bbDMSans-extrabold||||||||\u00bb text_text_color=\u00bb#053B9E\u00bb text_font_size=\u00bb26px\u00bb text_line_height=\u00bb1.1em\u00bb background_enable_color=\u00bboff\u00bb custom_margin=\u00bb0px||40px||false|false\u00bb text_font_size_tablet=\u00bb22px\u00bb text_font_size_phone=\u00bb18px\u00bb text_font_size_last_edited=\u00bbon|phone\u00bb global_colors_info=\u00bb{}\u00bb width__hover_enabled=\u00bboff|desktop\u00bb]<\/p>\n<p>Complet\u00e1 el formulario:<\/p>\n<p>[\/et_pb_text][et_pb_code _builder_version=\u00bb4.27.5&#8243; _module_preset=\u00bbdefault\u00bb global_colors_info=\u00bb{}\u00bb]\n<div class=\"wpcf7 no-js\" id=\"wpcf7-f1491-o1\" lang=\"es-ES\" dir=\"ltr\" data-wpcf7-id=\"1491\">\n<div class=\"screen-reader-response\"><p role=\"status\" aria-live=\"polite\" aria-atomic=\"true\"><\/p> <ul><\/ul><\/div>\n<form action=\"\/sancarlos\/wp-json\/wp\/v2\/pages\/1261#wpcf7-f1491-o1\" method=\"post\" class=\"wpcf7-form init\" aria-label=\"Formulario de contacto\" enctype=\"multipart\/form-data\" novalidate=\"novalidate\" data-status=\"init\">\n<fieldset class=\"hidden-fields-container\"><input type=\"hidden\" name=\"_wpcf7\" value=\"1491\" \/><input type=\"hidden\" name=\"_wpcf7_version\" value=\"6.1.4\" \/><input type=\"hidden\" name=\"_wpcf7_locale\" value=\"es_ES\" \/><input type=\"hidden\" name=\"_wpcf7_unit_tag\" value=\"wpcf7-f1491-o1\" \/><input type=\"hidden\" name=\"_wpcf7_container_post\" value=\"0\" \/><input type=\"hidden\" name=\"_wpcf7_posted_data_hash\" value=\"\" \/>\n<\/fieldset>\n<div class=\"formulario\">\n\t<p><label>Nombre completo:<\/label><br \/>\n<span class=\"wpcf7-form-control-wrap\" data-name=\"your-name\"><input size=\"40\" maxlength=\"400\" class=\"wpcf7-form-control wpcf7-text wpcf7-validates-as-required\" autocomplete=\"name\" aria-required=\"true\" aria-invalid=\"false\" value=\"\" type=\"text\" name=\"your-name\" \/><\/span>\n\t<\/p>\n\t<p><label>Profesi\u00f3n \/ perfil:<\/label><br \/>\n<span class=\"wpcf7-form-control-wrap\" data-name=\"text-311\"><input size=\"40\" maxlength=\"400\" class=\"wpcf7-form-control wpcf7-text\" aria-invalid=\"false\" value=\"\" type=\"text\" name=\"text-311\" \/><\/span>\n\t<\/p>\n\t<p><label>Email:<\/label><br \/>\n<span class=\"wpcf7-form-control-wrap\" data-name=\"your-email\"><input size=\"40\" maxlength=\"400\" class=\"wpcf7-form-control wpcf7-email wpcf7-validates-as-required wpcf7-text wpcf7-validates-as-email\" autocomplete=\"email\" aria-required=\"true\" aria-invalid=\"false\" value=\"\" type=\"email\" name=\"your-email\" \/><\/span>\n\t<\/p>\n\n<!-- NUEVO WRAPPER -->\n\t<div class=\"columns-wrapper\">\n\t\t<div class=\"column-1\">\n\t\t\t<p><label>Tel\u00e9fono:<\/label><br \/>\n<span class=\"wpcf7-form-control-wrap\" data-name=\"tel-927\"><input size=\"40\" maxlength=\"10\" class=\"wpcf7-form-control wpcf7-tel wpcf7-text wpcf7-validates-as-tel\" aria-invalid=\"false\" value=\"\" type=\"tel\" name=\"tel-927\" \/><\/span>\n\t\t\t<\/p>\n\t\t\t<p><label>Direcci\u00f3n:<\/label><br \/>\n<span class=\"wpcf7-form-control-wrap\" data-name=\"text-672\"><input size=\"40\" maxlength=\"400\" class=\"wpcf7-form-control wpcf7-text\" aria-invalid=\"false\" value=\"\" type=\"text\" name=\"text-672\" \/><\/span>\n\t\t\t<\/p>\n\t\t<\/div>\n\t\t<div class=\"column-2\">\n\t\t\t<p><label>Localidad:<\/label><br \/>\n<span class=\"wpcf7-form-control-wrap\" data-name=\"text-86\"><input size=\"40\" maxlength=\"400\" class=\"wpcf7-form-control wpcf7-text\" aria-invalid=\"false\" value=\"\" type=\"text\" name=\"text-86\" \/><\/span>\n\t\t\t<\/p>\n\t\t\t<p><label>Provincia:<\/label><br \/>\n<span class=\"wpcf7-form-control-wrap\" data-name=\"text-747\"><input size=\"40\" maxlength=\"400\" class=\"wpcf7-form-control wpcf7-text\" aria-invalid=\"false\" value=\"\" type=\"text\" name=\"text-747\" \/><\/span>\n\t\t\t<\/p>\n\t\t<\/div>\n\t<\/div>\n\t<p><label>Adjuntar CV:<\/label><br \/>\n<span class=\"wpcf7-form-control-wrap\" data-name=\"file-980\"><input size=\"40\" class=\"wpcf7-form-control wpcf7-file\" accept=\".pdf,.doc,.docx\" aria-invalid=\"false\" type=\"file\" name=\"file-980\" \/><\/span><br \/>\n<input class=\"wpcf7-form-control wpcf7-submit has-spinner\" type=\"submit\" value=\"Enviar\" \/>\n\t<\/p>\n<\/div><div class=\"wpcf7-response-output\" aria-hidden=\"true\"><\/div>\n<\/form>\n<\/div>\n[\/et_pb_code][\/et_pb_column][\/et_pb_row][\/et_pb_section]<\/p>\n","protected":false},"excerpt":{"rendered":"<p>S\u00e9 parte de nuestroEQUIPOSi quer\u00e9s ser parte de un equipo profesional orientado a brindar el m\u00e1ximo bienestar al paciente a trav\u00e9s del compromiso, la integridad y la excelencia del desempe\u00f1o.Complet\u00e1 el formulario:\n<div class=\"wpcf7 no-js\" id=\"wpcf7-f1491-o2\" lang=\"es-ES\" dir=\"ltr\" data-wpcf7-id=\"1491\">\n<div class=\"screen-reader-response\"><p role=\"status\" aria-live=\"polite\" aria-atomic=\"true\"><\/p> <ul><\/ul><\/div>\n<form action=\"\/sancarlos\/wp-json\/wp\/v2\/pages\/1261#wpcf7-f1491-o2\" method=\"post\" class=\"wpcf7-form init\" aria-label=\"Formulario de contacto\" enctype=\"multipart\/form-data\" novalidate=\"novalidate\" data-status=\"init\">\n<fieldset class=\"hidden-fields-container\"><input type=\"hidden\" name=\"_wpcf7\" value=\"1491\" \/><input type=\"hidden\" name=\"_wpcf7_version\" value=\"6.1.4\" \/><input type=\"hidden\" name=\"_wpcf7_locale\" value=\"es_ES\" \/><input type=\"hidden\" name=\"_wpcf7_unit_tag\" value=\"wpcf7-f1491-o2\" \/><input type=\"hidden\" name=\"_wpcf7_container_post\" value=\"0\" \/><input type=\"hidden\" name=\"_wpcf7_posted_data_hash\" value=\"\" \/>\n<\/fieldset>\n<div class=\"formulario\">\n\t<p><label>Nombre completo:<\/label><br \/>\n<span class=\"wpcf7-form-control-wrap\" data-name=\"your-name\"><input size=\"40\" maxlength=\"400\" class=\"wpcf7-form-control wpcf7-text wpcf7-validates-as-required\" autocomplete=\"name\" aria-required=\"true\" aria-invalid=\"false\" value=\"\" type=\"text\" name=\"your-name\" \/><\/span>\n\t<\/p>\n\t<p><label>Profesi\u00f3n \/ perfil:<\/label><br \/>\n<span class=\"wpcf7-form-control-wrap\" data-name=\"text-311\"><input size=\"40\" maxlength=\"400\" class=\"wpcf7-form-control wpcf7-text\" aria-invalid=\"false\" value=\"\" type=\"text\" name=\"text-311\" \/><\/span>\n\t<\/p>\n\t<p><label>Email:<\/label><br \/>\n<span class=\"wpcf7-form-control-wrap\" data-name=\"your-email\"><input size=\"40\" maxlength=\"400\" class=\"wpcf7-form-control wpcf7-email wpcf7-validates-as-required wpcf7-text wpcf7-validates-as-email\" autocomplete=\"email\" aria-required=\"true\" aria-invalid=\"false\" value=\"\" type=\"email\" name=\"your-email\" \/><\/span>\n\t<\/p>\n\n<!-- NUEVO WRAPPER -->\n\t<div class=\"columns-wrapper\">\n\t\t<div class=\"column-1\">\n\t\t\t<p><label>Tel\u00e9fono:<\/label><br \/>\n<span class=\"wpcf7-form-control-wrap\" data-name=\"tel-927\"><input size=\"40\" maxlength=\"10\" class=\"wpcf7-form-control wpcf7-tel wpcf7-text wpcf7-validates-as-tel\" aria-invalid=\"false\" value=\"\" type=\"tel\" name=\"tel-927\" \/><\/span>\n\t\t\t<\/p>\n\t\t\t<p><label>Direcci\u00f3n:<\/label><br \/>\n<span class=\"wpcf7-form-control-wrap\" data-name=\"text-672\"><input size=\"40\" maxlength=\"400\" class=\"wpcf7-form-control wpcf7-text\" aria-invalid=\"false\" value=\"\" type=\"text\" name=\"text-672\" \/><\/span>\n\t\t\t<\/p>\n\t\t<\/div>\n\t\t<div class=\"column-2\">\n\t\t\t<p><label>Localidad:<\/label><br \/>\n<span class=\"wpcf7-form-control-wrap\" data-name=\"text-86\"><input size=\"40\" maxlength=\"400\" class=\"wpcf7-form-control wpcf7-text\" aria-invalid=\"false\" value=\"\" type=\"text\" name=\"text-86\" \/><\/span>\n\t\t\t<\/p>\n\t\t\t<p><label>Provincia:<\/label><br \/>\n<span class=\"wpcf7-form-control-wrap\" data-name=\"text-747\"><input size=\"40\" maxlength=\"400\" class=\"wpcf7-form-control wpcf7-text\" aria-invalid=\"false\" value=\"\" type=\"text\" name=\"text-747\" \/><\/span>\n\t\t\t<\/p>\n\t\t<\/div>\n\t<\/div>\n\t<p><label>Adjuntar CV:<\/label><br \/>\n<span class=\"wpcf7-form-control-wrap\" data-name=\"file-980\"><input size=\"40\" class=\"wpcf7-form-control wpcf7-file\" accept=\".pdf,.doc,.docx\" aria-invalid=\"false\" type=\"file\" name=\"file-980\" \/><\/span><br \/>\n<input class=\"wpcf7-form-control wpcf7-submit has-spinner\" type=\"submit\" value=\"Enviar\" \/>\n\t<\/p>\n<\/div><div class=\"wpcf7-response-output\" aria-hidden=\"true\"><\/div>\n<\/form>\n<\/div>\n<\/p>\n","protected":false},"author":3,"featured_media":0,"parent":0,"menu_order":0,"comment_status":"closed","ping_status":"closed","template":"","meta":{"_et_pb_use_builder":"on","_et_pb_old_content":"","_et_gb_content_width":"","footnotes":""},"class_list":["post-1261","page","type-page","status-publish","hentry"],"yoast_head":"<!-- This site is optimized with the Yoast SEO plugin v26.4 - https:\/\/yoast.com\/wordpress\/plugins\/seo\/ -->\n<title>Trabaja con nosotros - Sanatorio San Carlos<\/title>\n<meta name=\"robots\" content=\"index, follow, max-snippet:-1, max-image-preview:large, max-video-preview:-1\" \/>\n<link rel=\"canonical\" href=\"https:\/\/ssancarlos.com.ar\/sancarlos\/trabaja-con-nosotros\/\" \/>\n<meta property=\"og:locale\" content=\"es_ES\" \/>\n<meta property=\"og:type\" content=\"article\" \/>\n<meta property=\"og:title\" content=\"Trabaja con nosotros - Sanatorio San Carlos\" \/>\n<meta property=\"og:description\" content=\"S\u00e9 parte de nuestroEQUIPOSi quer\u00e9s ser parte de un equipo profesional orientado a brindar el m\u00e1ximo bienestar al paciente a trav\u00e9s del compromiso, la integridad y la excelencia del desempe\u00f1o.Complet\u00e1 el formulario:\" \/>\n<meta property=\"og:url\" content=\"https:\/\/ssancarlos.com.ar\/sancarlos\/trabaja-con-nosotros\/\" \/>\n<meta property=\"og:site_name\" content=\"Sanatorio San Carlos\" \/>\n<meta property=\"article:modified_time\" content=\"2026-02-03T18:13:47+00:00\" \/>\n<meta name=\"twitter:card\" content=\"summary_large_image\" \/>\n<script type=\"application\/ld+json\" class=\"yoast-schema-graph\">{\"@context\":\"https:\/\/schema.org\",\"@graph\":[{\"@type\":\"WebPage\",\"@id\":\"https:\/\/ssancarlos.com.ar\/sancarlos\/trabaja-con-nosotros\/\",\"url\":\"https:\/\/ssancarlos.com.ar\/sancarlos\/trabaja-con-nosotros\/\",\"name\":\"Trabaja con nosotros - Sanatorio San Carlos\",\"isPartOf\":{\"@id\":\"https:\/\/ssancarlos.com.ar\/sancarlos\/#website\"},\"datePublished\":\"2025-12-18T11:29:35+00:00\",\"dateModified\":\"2026-02-03T18:13:47+00:00\",\"breadcrumb\":{\"@id\":\"https:\/\/ssancarlos.com.ar\/sancarlos\/trabaja-con-nosotros\/#breadcrumb\"},\"inLanguage\":\"es\",\"potentialAction\":[{\"@type\":\"ReadAction\",\"target\":[\"https:\/\/ssancarlos.com.ar\/sancarlos\/trabaja-con-nosotros\/\"]}]},{\"@type\":\"BreadcrumbList\",\"@id\":\"https:\/\/ssancarlos.com.ar\/sancarlos\/trabaja-con-nosotros\/#breadcrumb\",\"itemListElement\":[{\"@type\":\"ListItem\",\"position\":1,\"name\":\"Inicio\",\"item\":\"https:\/\/ssancarlos.com.ar\/sancarlos\/\"},{\"@type\":\"ListItem\",\"position\":2,\"name\":\"Trabaja con nosotros\"}]},{\"@type\":\"WebSite\",\"@id\":\"https:\/\/ssancarlos.com.ar\/sancarlos\/#website\",\"url\":\"https:\/\/ssancarlos.com.ar\/sancarlos\/\",\"name\":\"Sanatorio San Carlos\",\"description\":\"Ofrecemos atenci\u00f3n m\u00e9dica integral, tecnolog\u00eda de \u00faltima generaci\u00f3n y un equipo de profesionales altamente capacitados, comprometidos con la calidad, la seguridad del paciente y el cuidado humano.\",\"potentialAction\":[{\"@type\":\"SearchAction\",\"target\":{\"@type\":\"EntryPoint\",\"urlTemplate\":\"https:\/\/ssancarlos.com.ar\/sancarlos\/?s={search_term_string}\"},\"query-input\":{\"@type\":\"PropertyValueSpecification\",\"valueRequired\":true,\"valueName\":\"search_term_string\"}}],\"inLanguage\":\"es\"}]}<\/script>\n<!-- \/ Yoast SEO plugin. -->","yoast_head_json":{"title":"Trabaja con nosotros - Sanatorio San Carlos","robots":{"index":"index","follow":"follow","max-snippet":"max-snippet:-1","max-image-preview":"max-image-preview:large","max-video-preview":"max-video-preview:-1"},"canonical":"https:\/\/ssancarlos.com.ar\/sancarlos\/trabaja-con-nosotros\/","og_locale":"es_ES","og_type":"article","og_title":"Trabaja con nosotros - Sanatorio San Carlos","og_description":"S\u00e9 parte de nuestroEQUIPOSi quer\u00e9s ser parte de un equipo profesional orientado a brindar el m\u00e1ximo bienestar al paciente a trav\u00e9s del compromiso, la integridad y la excelencia del desempe\u00f1o.Complet\u00e1 el formulario:","og_url":"https:\/\/ssancarlos.com.ar\/sancarlos\/trabaja-con-nosotros\/","og_site_name":"Sanatorio San Carlos","article_modified_time":"2026-02-03T18:13:47+00:00","twitter_card":"summary_large_image","schema":{"@context":"https:\/\/schema.org","@graph":[{"@type":"WebPage","@id":"https:\/\/ssancarlos.com.ar\/sancarlos\/trabaja-con-nosotros\/","url":"https:\/\/ssancarlos.com.ar\/sancarlos\/trabaja-con-nosotros\/","name":"Trabaja con nosotros - Sanatorio San Carlos","isPartOf":{"@id":"https:\/\/ssancarlos.com.ar\/sancarlos\/#website"},"datePublished":"2025-12-18T11:29:35+00:00","dateModified":"2026-02-03T18:13:47+00:00","breadcrumb":{"@id":"https:\/\/ssancarlos.com.ar\/sancarlos\/trabaja-con-nosotros\/#breadcrumb"},"inLanguage":"es","potentialAction":[{"@type":"ReadAction","target":["https:\/\/ssancarlos.com.ar\/sancarlos\/trabaja-con-nosotros\/"]}]},{"@type":"BreadcrumbList","@id":"https:\/\/ssancarlos.com.ar\/sancarlos\/trabaja-con-nosotros\/#breadcrumb","itemListElement":[{"@type":"ListItem","position":1,"name":"Inicio","item":"https:\/\/ssancarlos.com.ar\/sancarlos\/"},{"@type":"ListItem","position":2,"name":"Trabaja con nosotros"}]},{"@type":"WebSite","@id":"https:\/\/ssancarlos.com.ar\/sancarlos\/#website","url":"https:\/\/ssancarlos.com.ar\/sancarlos\/","name":"Sanatorio San Carlos","description":"Ofrecemos atenci\u00f3n m\u00e9dica integral, tecnolog\u00eda de \u00faltima generaci\u00f3n y un equipo de profesionales altamente capacitados, comprometidos con la calidad, la seguridad del paciente y el cuidado humano.","potentialAction":[{"@type":"SearchAction","target":{"@type":"EntryPoint","urlTemplate":"https:\/\/ssancarlos.com.ar\/sancarlos\/?s={search_term_string}"},"query-input":{"@type":"PropertyValueSpecification","valueRequired":true,"valueName":"search_term_string"}}],"inLanguage":"es"}]}},"_links":{"self":[{"href":"https:\/\/ssancarlos.com.ar\/sancarlos\/wp-json\/wp\/v2\/pages\/1261","targetHints":{"allow":["GET"]}}],"collection":[{"href":"https:\/\/ssancarlos.com.ar\/sancarlos\/wp-json\/wp\/v2\/pages"}],"about":[{"href":"https:\/\/ssancarlos.com.ar\/sancarlos\/wp-json\/wp\/v2\/types\/page"}],"author":[{"embeddable":true,"href":"https:\/\/ssancarlos.com.ar\/sancarlos\/wp-json\/wp\/v2\/users\/3"}],"replies":[{"embeddable":true,"href":"https:\/\/ssancarlos.com.ar\/sancarlos\/wp-json\/wp\/v2\/comments?post=1261"}],"version-history":[{"count":29,"href":"https:\/\/ssancarlos.com.ar\/sancarlos\/wp-json\/wp\/v2\/pages\/1261\/revisions"}],"predecessor-version":[{"id":3061,"href":"https:\/\/ssancarlos.com.ar\/sancarlos\/wp-json\/wp\/v2\/pages\/1261\/revisions\/3061"}],"wp:attachment":[{"href":"https:\/\/ssancarlos.com.ar\/sancarlos\/wp-json\/wp\/v2\/media?parent=1261"}],"curies":[{"name":"wp","href":"https:\/\/api.w.org\/{rel}","templated":true}]}}