{"id":1743,"date":"2026-01-13T17:53:42","date_gmt":"2026-01-13T17:53:42","guid":{"rendered":"http:\/\/ssancarlos.com.ar\/sancarlos\/?page_id=1743"},"modified":"2026-01-21T17:00:12","modified_gmt":"2026-01-21T17:00:12","slug":"neonatologia","status":"publish","type":"page","link":"https:\/\/ssancarlos.com.ar\/sancarlos\/especialidades-y-profesionales\/neonatologia\/","title":{"rendered":"Neonatolog\u00eda"},"content":{"rendered":"<p>[et_pb_section fb_built=\u00bb1&#8243; _builder_version=\u00bb4.27.4&#8243; _module_preset=\u00bbdefault\u00bb custom_padding=\u00bb25px||25px||true|false\u00bb locked=\u00bboff\u00bb global_colors_info=\u00bb{}\u00bb][et_pb_row _builder_version=\u00bb4.27.4&#8243; _module_preset=\u00bbdefault\u00bb width=\u00bb64%\u00bb global_colors_info=\u00bb{}\u00bb][et_pb_column type=\u00bb4_4&#8243; _builder_version=\u00bb4.27.4&#8243; _module_preset=\u00bbdefault\u00bb global_colors_info=\u00bb{}\u00bb][et_pb_text _builder_version=\u00bb4.27.4&#8243; _module_preset=\u00bbdefault\u00bb text_font=\u00bbDMSans-medium||||||||\u00bb text_font_size=\u00bb18px\u00bb header_font=\u00bbDMSans-medium||||||||\u00bb text_font_size_tablet=\u00bb16px\u00bb text_font_size_phone=\u00bb16px\u00bb text_font_size_last_edited=\u00bbon|phone\u00bb global_colors_info=\u00bb{}\u00bb]<\/p>\n<span><span><a href=\"https:\/\/ssancarlos.com.ar\/sancarlos\/\">Inicio<\/a><\/span><\/span>\n<p>[\/et_pb_text][\/et_pb_column][\/et_pb_row][\/et_pb_section][et_pb_section fb_built=\u00bb1&#8243; custom_padding_last_edited=\u00bbon|phone\u00bb _builder_version=\u00bb4.27.4&#8243; _module_preset=\u00bbdefault\u00bb background_enable_color=\u00bboff\u00bb background_image=\u00bbhttps:\/\/ssancarlos.com.ar\/sancarlos\/wp-content\/uploads\/2025\/11\/91.webp\u00bb background_size=\u00bbcustom\u00bb background_image_height=\u00bb900px\u00bb background_position=\u00bbbottom_left\u00bb custom_margin=\u00bb||||false|false\u00bb custom_padding=\u00bb0px||100px||false|false\u00bb custom_padding_tablet=\u00bb0px||40px||false|false\u00bb custom_padding_phone=\u00bb0px||40px||false|false\u00bb background_last_edited=\u00bbon|tablet\u00bb background_enable_image_tablet=\u00bboff\u00bb global_colors_info=\u00bb{}\u00bb][et_pb_row column_structure=\u00bb1_2,1_2&#8243; _builder_version=\u00bb4.27.5&#8243; _module_preset=\u00bbdefault\u00bb width=\u00bb100%\u00bb width_tablet=\u00bb80%\u00bb width_phone=\u00bb90%\u00bb width_last_edited=\u00bbon|phone\u00bb max_width=\u00bb100%\u00bb custom_padding=\u00bb0px||0px||true|false\u00bb module_alignment_tablet=\u00bbleft\u00bb module_alignment_phone=\u00bbleft\u00bb module_alignment_last_edited=\u00bbon|tablet\u00bb global_colors_info=\u00bb{}\u00bb][et_pb_column type=\u00bb1_2&#8243; _builder_version=\u00bb4.27.5&#8243; _module_preset=\u00bbdefault\u00bb background_color=\u00bb#e0afd1&#8243; border_radii=\u00bboff||30px||\u00bb global_colors_info=\u00bb{}\u00bb][et_pb_blurb title=\u00bbNeonatolog\u00eda\u00bb image=\u00bbhttps:\/\/ssancarlos.com.ar\/sancarlos\/wp-content\/uploads\/2026\/01\/15.webp\u00bb icon_placement=\u00bbleft\u00bb image_icon_width=\u00bb80px\u00bb image_icon_width_tablet=\u00bb80px\u00bb image_icon_width_phone=\u00bb60px\u00bb image_icon_width_last_edited=\u00bbon|tablet\u00bb content_max_width_tablet=\u00bb525px\u00bb content_max_width_phone=\u00bb335px\u00bb content_max_width_last_edited=\u00bboff|desktop\u00bb _builder_version=\u00bb4.27.5&#8243; _module_preset=\u00bbdefault\u00bb header_font=\u00bbDMSans-extrabold||||||||\u00bb header_text_color=\u00bb#FFFFFF\u00bb header_font_size=\u00bb28px\u00bb positioning=\u00bbrelative\u00bb horizontal_offset=\u00bb160px\u00bb horizontal_offset_tablet=\u00bb20px\u00bb horizontal_offset_phone=\u00bb30px\u00bb horizontal_offset_last_edited=\u00bbon|phone\u00bb custom_padding=\u00bb5px||5px||true|false\u00bb header_font_size_tablet=\u00bb26px\u00bb header_font_size_phone=\u00bb24px\u00bb header_font_size_last_edited=\u00bbon|phone\u00bb custom_css_blurb_title=\u00bbmargin-top: 26px;\u00bb global_colors_info=\u00bb{}\u00bb custom_css_blurb_title_last_edited=\u00bbon|phone\u00bb custom_css_blurb_title_phone=\u00bbmargin-top: 18px;\u00bb custom_css_blurb_title_tablet=\u00bbmargin-top: 26px;\u00bb][\/et_pb_blurb][\/et_pb_column][et_pb_column type=\u00bb1_2&#8243; disabled_on=\u00bbon|on|on\u00bb _builder_version=\u00bb4.27.5&#8243; _module_preset=\u00bbdefault\u00bb disabled=\u00bbon\u00bb global_colors_info=\u00bb{}\u00bb][\/et_pb_column][\/et_pb_row][et_pb_row column_structure=\u00bb1_2,1_2&#8243; _builder_version=\u00bb4.27.5&#8243; _module_preset=\u00bbdefault\u00bb width=\u00bb100%\u00bb width_tablet=\u00bb80%\u00bb width_phone=\u00bb90%\u00bb width_last_edited=\u00bbon|tablet\u00bb max_width=\u00bb100%\u00bb custom_padding=\u00bb0px||0px||false|false\u00bb module_alignment_tablet=\u00bbleft\u00bb module_alignment_phone=\u00bbleft\u00bb module_alignment_last_edited=\u00bbon|tablet\u00bb global_colors_info=\u00bb{}\u00bb][et_pb_column type=\u00bb1_2&#8243; _builder_version=\u00bb4.27.5&#8243; _module_preset=\u00bbdefault\u00bb background_color=\u00bb#E6E7E8&#8243; custom_padding=\u00bb60px|50px|||false|false\u00bb custom_padding_tablet=\u00bb60px|30px|||false|false\u00bb custom_padding_phone=\u00bb|0px|||false|false\u00bb custom_padding_last_edited=\u00bbon|phone\u00bb border_radii=\u00bboff|||30px|\u00bb global_colors_info=\u00bb{}\u00bb][et_pb_text _builder_version=\u00bb4.27.5&#8243; _module_preset=\u00bbdefault\u00bb text_font=\u00bbDMSans-regular||||||||\u00bb text_text_color=\u00bb#4B4B4D\u00bb text_font_size=\u00bb17px\u00bb width=\u00bb60%\u00bb width_tablet=\u00bb90%\u00bb width_phone=\u00bb80%\u00bb width_last_edited=\u00bbon|tablet\u00bb module_alignment=\u00bbright\u00bb custom_margin=\u00bb||60px||false|false\u00bb custom_padding=\u00bb|70px|||false|false\u00bb custom_padding_tablet=\u00bb|0px|||false|false\u00bb custom_padding_phone=\u00bb|0px|||false|false\u00bb custom_padding_last_edited=\u00bbon|phone\u00bb text_font_size_tablet=\u00bb17px\u00bb text_font_size_phone=\u00bb14px\u00bb text_font_size_last_edited=\u00bbon|desktop\u00bb module_alignment_tablet=\u00bb\u00bb module_alignment_phone=\u00bbcenter\u00bb module_alignment_last_edited=\u00bbon|tablet\u00bb global_colors_info=\u00bb{}\u00bb]<\/p>\n<p>Atenci\u00f3n especializada del reci\u00e9n nacido, incluyendo beb\u00e9s prematuros o con enfermedades complejas. Seguimiento cl\u00ednico y soporte en unidad de cuidados intensivos neonatales.<\/p>\n<p>[\/et_pb_text][\/et_pb_column][et_pb_column type=\u00bb1_2&#8243; _builder_version=\u00bb4.27.5&#8243; _module_preset=\u00bbdefault\u00bb custom_padding=\u00bb60px||||false|false\u00bb global_colors_info=\u00bb{}\u00bb][et_pb_text _builder_version=\u00bb4.27.5&#8243; _module_preset=\u00bbdefault\u00bb text_font=\u00bbDMSans-extrabold||||||||\u00bb text_text_color=\u00bb#e0afd1&#8243; text_font_size=\u00bb28px\u00bb width_tablet=\u00bb80%\u00bb width_phone=\u00bb80%\u00bb width_last_edited=\u00bbon|tablet\u00bb module_alignment=\u00bbcenter\u00bb custom_margin=\u00bb||30px||false|false\u00bb text_font_size_tablet=\u00bb26px\u00bb text_font_size_phone=\u00bb24px\u00bb text_font_size_last_edited=\u00bbon|phone\u00bb module_alignment_tablet=\u00bbcenter\u00bb module_alignment_phone=\u00bbcenter\u00bb module_alignment_last_edited=\u00bbon|phone\u00bb locked=\u00bboff\u00bb global_colors_info=\u00bb{}\u00bb]<\/p>\n<p>Profesionales<\/p>\n<p>[\/et_pb_text][et_pb_text _builder_version=\u00bb4.27.5&#8243; _module_preset=\u00bbdefault\u00bb text_font=\u00bbDMSans-extrabold||||||||\u00bb text_text_color=\u00bb#4B4B4D\u00bb text_font_size=\u00bb17px\u00bb text_line_height=\u00bb1.8em\u00bb width_tablet=\u00bb80%\u00bb width_phone=\u00bb80%\u00bb width_last_edited=\u00bbon|tablet\u00bb hover_enabled=\u00bb0&#8243; text_font_size_tablet=\u00bb16px\u00bb text_font_size_phone=\u00bb14px\u00bb text_font_size_last_edited=\u00bbon|phone\u00bb module_alignment_tablet=\u00bbcenter\u00bb module_alignment_phone=\u00bbcenter\u00bb module_alignment_last_edited=\u00bbon|tablet\u00bb global_colors_info=\u00bb{}\u00bb sticky_enabled=\u00bb0&#8243;]<\/p>\n<ul>\n<li>Angarita, Oscar (Km 1)<\/li>\n<li>Angelelli, Carla (Km 1)<\/li>\n<li>Ardenghi, Ana (Km 1)<\/li>\n<li>Ilera, Sebastian (Km 1)<\/li>\n<li>Lizzasu, Laura (Km 1)<\/li>\n<li>Lisotti, Julieta (Km 1)<\/li>\n<li>Morresi, Luciana (Km 1)<\/li>\n<li>Vilte, Mariela (Km 1)<\/li>\n<\/ul>\n<p>[\/et_pb_text][\/et_pb_column][\/et_pb_row][\/et_pb_section]<\/p>\n","protected":false},"excerpt":{"rendered":"<p><span><span><a href=\"https:\/\/ssancarlos.com.ar\/sancarlos\/\">Inicio<\/a><\/span><\/span>Atenci\u00f3n especializada del reci\u00e9n nacido, incluyendo beb\u00e9s prematuros o con enfermedades complejas. Seguimiento cl\u00ednico y soporte en unidad de cuidados intensivos neonatales.Profesionales Angarita, Oscar (Km 1) Angelelli, Carla (Km 1) Ardenghi, Ana (Km 1) Ilera, Sebastian (Km 1) Lizzasu, Laura (Km 1) Lisotti, Julieta (Km 1) Morresi, Luciana (Km 1) Vilte, Mariela (Km 1)<\/p>\n","protected":false},"author":3,"featured_media":0,"parent":159,"menu_order":0,"comment_status":"closed","ping_status":"closed","template":"","meta":{"_et_pb_use_builder":"on","_et_pb_old_content":"","_et_gb_content_width":"","footnotes":""},"class_list":["post-1743","page","type-page","status-publish","hentry"],"yoast_head":"<!-- This site is optimized with the Yoast SEO plugin v26.4 - https:\/\/yoast.com\/wordpress\/plugins\/seo\/ -->\n<title>Neonatolog\u00eda - Sanatorio San Carlos<\/title>\n<meta name=\"robots\" content=\"index, follow, max-snippet:-1, max-image-preview:large, max-video-preview:-1\" \/>\n<link rel=\"canonical\" href=\"https:\/\/ssancarlos.com.ar\/sancarlos\/especialidades-y-profesionales\/neonatologia\/\" \/>\n<meta property=\"og:locale\" content=\"es_ES\" \/>\n<meta property=\"og:type\" content=\"article\" \/>\n<meta property=\"og:title\" content=\"Neonatolog\u00eda - Sanatorio San Carlos\" \/>\n<meta property=\"og:description\" content=\"Atenci\u00f3n especializada del reci\u00e9n nacido, incluyendo beb\u00e9s prematuros o con enfermedades complejas. Seguimiento cl\u00ednico y soporte en unidad de cuidados intensivos neonatales.Profesionales Angarita, Oscar (Km 1) Angelelli, Carla (Km 1) Ardenghi, Ana (Km 1) Ilera, Sebastian (Km 1) Lizzasu, Laura (Km 1) Lisotti, Julieta (Km 1) Morresi, Luciana (Km 1) Vilte, Mariela (Km 1)\" \/>\n<meta property=\"og:url\" content=\"https:\/\/ssancarlos.com.ar\/sancarlos\/especialidades-y-profesionales\/neonatologia\/\" \/>\n<meta property=\"og:site_name\" content=\"Sanatorio San Carlos\" \/>\n<meta property=\"article:modified_time\" content=\"2026-01-21T17:00:12+00:00\" \/>\n<meta name=\"twitter:card\" content=\"summary_large_image\" \/>\n<script type=\"application\/ld+json\" class=\"yoast-schema-graph\">{\"@context\":\"https:\/\/schema.org\",\"@graph\":[{\"@type\":\"WebPage\",\"@id\":\"https:\/\/ssancarlos.com.ar\/sancarlos\/especialidades-y-profesionales\/neonatologia\/\",\"url\":\"https:\/\/ssancarlos.com.ar\/sancarlos\/especialidades-y-profesionales\/neonatologia\/\",\"name\":\"Neonatolog\u00eda - Sanatorio San Carlos\",\"isPartOf\":{\"@id\":\"https:\/\/ssancarlos.com.ar\/sancarlos\/#website\"},\"datePublished\":\"2026-01-13T17:53:42+00:00\",\"dateModified\":\"2026-01-21T17:00:12+00:00\",\"breadcrumb\":{\"@id\":\"https:\/\/ssancarlos.com.ar\/sancarlos\/especialidades-y-profesionales\/neonatologia\/#breadcrumb\"},\"inLanguage\":\"es\",\"potentialAction\":[{\"@type\":\"ReadAction\",\"target\":[\"https:\/\/ssancarlos.com.ar\/sancarlos\/especialidades-y-profesionales\/neonatologia\/\"]}]},{\"@type\":\"BreadcrumbList\",\"@id\":\"https:\/\/ssancarlos.com.ar\/sancarlos\/especialidades-y-profesionales\/neonatologia\/#breadcrumb\",\"itemListElement\":[{\"@type\":\"ListItem\",\"position\":1,\"name\":\"Inicio\",\"item\":\"https:\/\/ssancarlos.com.ar\/sancarlos\/\"},{\"@type\":\"ListItem\",\"position\":2,\"name\":\"Especialidades y profesionales\",\"item\":\"https:\/\/ssancarlos.com.ar\/sancarlos\/especialidades-y-profesionales\/\"},{\"@type\":\"ListItem\",\"position\":3,\"name\":\"Neonatolog\u00eda\"}]},{\"@type\":\"WebSite\",\"@id\":\"https:\/\/ssancarlos.com.ar\/sancarlos\/#website\",\"url\":\"https:\/\/ssancarlos.com.ar\/sancarlos\/\",\"name\":\"Sanatorio San Carlos\",\"description\":\"Ofrecemos atenci\u00f3n m\u00e9dica integral, tecnolog\u00eda de \u00faltima generaci\u00f3n y un equipo de profesionales altamente capacitados, comprometidos con la calidad, la seguridad del paciente y el cuidado humano.\",\"potentialAction\":[{\"@type\":\"SearchAction\",\"target\":{\"@type\":\"EntryPoint\",\"urlTemplate\":\"https:\/\/ssancarlos.com.ar\/sancarlos\/?s={search_term_string}\"},\"query-input\":{\"@type\":\"PropertyValueSpecification\",\"valueRequired\":true,\"valueName\":\"search_term_string\"}}],\"inLanguage\":\"es\"}]}<\/script>\n<!-- \/ Yoast SEO plugin. -->","yoast_head_json":{"title":"Neonatolog\u00eda - Sanatorio San Carlos","robots":{"index":"index","follow":"follow","max-snippet":"max-snippet:-1","max-image-preview":"max-image-preview:large","max-video-preview":"max-video-preview:-1"},"canonical":"https:\/\/ssancarlos.com.ar\/sancarlos\/especialidades-y-profesionales\/neonatologia\/","og_locale":"es_ES","og_type":"article","og_title":"Neonatolog\u00eda - Sanatorio San Carlos","og_description":"Atenci\u00f3n especializada del reci\u00e9n nacido, incluyendo beb\u00e9s prematuros o con enfermedades complejas. Seguimiento cl\u00ednico y soporte en unidad de cuidados intensivos neonatales.Profesionales Angarita, Oscar (Km 1) Angelelli, Carla (Km 1) Ardenghi, Ana (Km 1) Ilera, Sebastian (Km 1) Lizzasu, Laura (Km 1) Lisotti, Julieta (Km 1) Morresi, Luciana (Km 1) Vilte, Mariela (Km 1)","og_url":"https:\/\/ssancarlos.com.ar\/sancarlos\/especialidades-y-profesionales\/neonatologia\/","og_site_name":"Sanatorio San Carlos","article_modified_time":"2026-01-21T17:00:12+00:00","twitter_card":"summary_large_image","schema":{"@context":"https:\/\/schema.org","@graph":[{"@type":"WebPage","@id":"https:\/\/ssancarlos.com.ar\/sancarlos\/especialidades-y-profesionales\/neonatologia\/","url":"https:\/\/ssancarlos.com.ar\/sancarlos\/especialidades-y-profesionales\/neonatologia\/","name":"Neonatolog\u00eda - Sanatorio San Carlos","isPartOf":{"@id":"https:\/\/ssancarlos.com.ar\/sancarlos\/#website"},"datePublished":"2026-01-13T17:53:42+00:00","dateModified":"2026-01-21T17:00:12+00:00","breadcrumb":{"@id":"https:\/\/ssancarlos.com.ar\/sancarlos\/especialidades-y-profesionales\/neonatologia\/#breadcrumb"},"inLanguage":"es","potentialAction":[{"@type":"ReadAction","target":["https:\/\/ssancarlos.com.ar\/sancarlos\/especialidades-y-profesionales\/neonatologia\/"]}]},{"@type":"BreadcrumbList","@id":"https:\/\/ssancarlos.com.ar\/sancarlos\/especialidades-y-profesionales\/neonatologia\/#breadcrumb","itemListElement":[{"@type":"ListItem","position":1,"name":"Inicio","item":"https:\/\/ssancarlos.com.ar\/sancarlos\/"},{"@type":"ListItem","position":2,"name":"Especialidades y profesionales","item":"https:\/\/ssancarlos.com.ar\/sancarlos\/especialidades-y-profesionales\/"},{"@type":"ListItem","position":3,"name":"Neonatolog\u00eda"}]},{"@type":"WebSite","@id":"https:\/\/ssancarlos.com.ar\/sancarlos\/#website","url":"https:\/\/ssancarlos.com.ar\/sancarlos\/","name":"Sanatorio San Carlos","description":"Ofrecemos atenci\u00f3n m\u00e9dica integral, tecnolog\u00eda de \u00faltima generaci\u00f3n y un equipo de profesionales altamente capacitados, comprometidos con la calidad, la seguridad del paciente y el cuidado humano.","potentialAction":[{"@type":"SearchAction","target":{"@type":"EntryPoint","urlTemplate":"https:\/\/ssancarlos.com.ar\/sancarlos\/?s={search_term_string}"},"query-input":{"@type":"PropertyValueSpecification","valueRequired":true,"valueName":"search_term_string"}}],"inLanguage":"es"}]}},"_links":{"self":[{"href":"https:\/\/ssancarlos.com.ar\/sancarlos\/wp-json\/wp\/v2\/pages\/1743","targetHints":{"allow":["GET"]}}],"collection":[{"href":"https:\/\/ssancarlos.com.ar\/sancarlos\/wp-json\/wp\/v2\/pages"}],"about":[{"href":"https:\/\/ssancarlos.com.ar\/sancarlos\/wp-json\/wp\/v2\/types\/page"}],"author":[{"embeddable":true,"href":"https:\/\/ssancarlos.com.ar\/sancarlos\/wp-json\/wp\/v2\/users\/3"}],"replies":[{"embeddable":true,"href":"https:\/\/ssancarlos.com.ar\/sancarlos\/wp-json\/wp\/v2\/comments?post=1743"}],"version-history":[{"count":8,"href":"https:\/\/ssancarlos.com.ar\/sancarlos\/wp-json\/wp\/v2\/pages\/1743\/revisions"}],"predecessor-version":[{"id":2567,"href":"https:\/\/ssancarlos.com.ar\/sancarlos\/wp-json\/wp\/v2\/pages\/1743\/revisions\/2567"}],"up":[{"embeddable":true,"href":"https:\/\/ssancarlos.com.ar\/sancarlos\/wp-json\/wp\/v2\/pages\/159"}],"wp:attachment":[{"href":"https:\/\/ssancarlos.com.ar\/sancarlos\/wp-json\/wp\/v2\/media?parent=1743"}],"curies":[{"name":"wp","href":"https:\/\/api.w.org\/{rel}","templated":true}]}}