{"id":271,"date":"2025-11-19T13:10:54","date_gmt":"2025-11-19T13:10:54","guid":{"rendered":"http:\/\/ssancarlos.com.ar\/sancarlos\/?page_id=271"},"modified":"2026-02-04T13:28:08","modified_gmt":"2026-02-04T13:28:08","slug":"prequirurgicos","status":"publish","type":"page","link":"https:\/\/ssancarlos.com.ar\/sancarlos\/prequirurgicos\/","title":{"rendered":"Prequir\u00fargicos"},"content":{"rendered":"<p>[et_pb_section fb_built=\u00bb1&#8243; custom_padding_last_edited=\u00bbon|phone\u00bb disabled_on=\u00bboff|off|off\u00bb _builder_version=\u00bb4.27.5&#8243; _module_preset=\u00bbdefault\u00bb background_enable_color=\u00bboff\u00bb background_enable_image=\u00bboff\u00bb custom_margin=\u00bb||||false|false\u00bb custom_padding=\u00bb0px||0px||false|false\u00bb custom_padding_tablet=\u00bb0px||60px||false|false\u00bb custom_padding_phone=\u00bb||60px||false|false\u00bb border_radii=\u00bboff||||\u00bb global_colors_info=\u00bb{}\u00bb][et_pb_row column_structure=\u00bb1_2,1_2&#8243; _builder_version=\u00bb4.27.5&#8243; _module_preset=\u00bbdefault\u00bb width=\u00bb100%\u00bb max_width=\u00bb100%\u00bb custom_padding=\u00bb0px||0px||true|false\u00bb global_colors_info=\u00bb{}\u00bb][et_pb_column type=\u00bb1_2&#8243; _builder_version=\u00bb4.27.4&#8243; _module_preset=\u00bbdefault\u00bb background_enable_image=\u00bboff\u00bb border_radii=\u00bboff|||260px|\u00bb global_colors_info=\u00bb{}\u00bb][et_pb_image src=\u00bbhttps:\/\/ssancarlos.com.ar\/sancarlos\/wp-content\/uploads\/2026\/02\/bg-pre.webp\u00bb _builder_version=\u00bb4.27.5&#8243; _module_preset=\u00bbdefault\u00bb global_colors_info=\u00bb{}\u00bb][\/et_pb_image][\/et_pb_column][et_pb_column type=\u00bb1_2&#8243; _builder_version=\u00bb4.27.5&#8243; _module_preset=\u00bbdefault\u00bb global_colors_info=\u00bb{}\u00bb][et_pb_text _builder_version=\u00bb4.27.5&#8243; _module_preset=\u00bbdefault\u00bb text_font=\u00bbDMSans-extrabold||||||||\u00bb text_text_color=\u00bb#002469&#8243; text_font_size=\u00bb60px\u00bb width_tablet=\u00bb80%\u00bb width_phone=\u00bb80%\u00bb width_last_edited=\u00bbon|tablet\u00bb custom_margin=\u00bb100px||||false|false\u00bb custom_margin_tablet=\u00bb100px||||false|false\u00bb custom_margin_phone=\u00bb40px||||false|false\u00bb custom_margin_last_edited=\u00bbon|phone\u00bb text_font_size_tablet=\u00bb53px\u00bb text_font_size_phone=\u00bb32px\u00bb text_font_size_last_edited=\u00bbon|phone\u00bb module_alignment_tablet=\u00bbcenter\u00bb module_alignment_phone=\u00bbcenter\u00bb module_alignment_last_edited=\u00bbon|tablet\u00bb global_colors_info=\u00bb{}\u00bb]<\/p>\n<p>PREQUIR\u00daRGICOS<\/p>\n<p>[\/et_pb_text][et_pb_text _builder_version=\u00bb4.27.5&#8243; _module_preset=\u00bbdefault\u00bb text_font=\u00bbDMSans-regular||||||||\u00bb text_text_color=\u00bb#4B4B4D\u00bb text_font_size=\u00bb17px\u00bb text_line_height=\u00bb1.8em\u00bb width=\u00bb80%\u00bb width_tablet=\u00bb80%\u00bb width_phone=\u00bb79%\u00bb width_last_edited=\u00bbon|tablet\u00bb module_alignment=\u00bbleft\u00bb custom_margin=\u00bb||0px||false|false\u00bb text_font_size_tablet=\u00bb16px\u00bb text_font_size_phone=\u00bb14px\u00bb text_font_size_last_edited=\u00bbon|phone\u00bb module_alignment_tablet=\u00bbcenter\u00bb module_alignment_phone=\u00bbcenter\u00bb module_alignment_last_edited=\u00bbon|tablet\u00bb locked=\u00bboff\u00bb inline_fonts=\u00bbDMSans-extrabold\u00bb global_colors_info=\u00bb{}\u00bb]<\/p>\n<p>El Sanatorio San Carlos brinda un servicio integral de Prequir\u00fargicos, orientado a preparar a cada paciente antes de su intervenci\u00f3n.<br \/>Nuestro objetivo es <span style=\"font-family: DMSans-extrabold;\">garantizar que cada procedimiento se realice de manera segura, eficiente y con el acompa\u00f1amiento necesario,<\/span> asegurando las mejores condiciones para el \u00e9xito quir\u00fargico y la recuperaci\u00f3n posterior.<\/p>\n<p>[\/et_pb_text][\/et_pb_column][\/et_pb_row][\/et_pb_section][et_pb_section fb_built=\u00bb1&#8243; custom_padding_last_edited=\u00bbon|tablet\u00bb disabled_on=\u00bboff|off|off\u00bb _builder_version=\u00bb4.27.5&#8243; _module_preset=\u00bbdefault\u00bb background_color=\u00bb#E6E7E8&#8243; background_image=\u00bbhttps:\/\/ssancarlos.com.ar\/sancarlos\/wp-content\/uploads\/2025\/11\/90.webp\u00bb background_size=\u00bbcustom\u00bb background_image_height=\u00bb100%\u00bb background_position=\u00bbbottom_left\u00bb custom_margin=\u00bb100px||||false|false\u00bb custom_margin_tablet=\u00bb0px||||false|false\u00bb custom_margin_phone=\u00bb0px||||false|false\u00bb custom_margin_last_edited=\u00bbon|phone\u00bb custom_padding=\u00bb0px||100px||false|false\u00bb custom_padding_tablet=\u00bb80px||80px||false|false\u00bb custom_padding_phone=\u00bb60px||60px||false|false\u00bb background_last_edited=\u00bbon|tablet\u00bb background_enable_image_tablet=\u00bboff\u00bb background_enable_image_phone=\u00bboff\u00bb global_colors_info=\u00bb{}\u00bb][et_pb_row custom_padding_last_edited=\u00bbon|phone\u00bb _builder_version=\u00bb4.27.5&#8243; _module_preset=\u00bbdefault\u00bb custom_padding=\u00bb100px||||false|false\u00bb custom_padding_tablet=\u00bb0px||||false|false\u00bb custom_padding_phone=\u00bb0px||||false|false\u00bb global_colors_info=\u00bb{}\u00bb][et_pb_column type=\u00bb4_4&#8243; _builder_version=\u00bb4.27.5&#8243; _module_preset=\u00bbdefault\u00bb global_colors_info=\u00bb{}\u00bb][et_pb_text _builder_version=\u00bb4.27.5&#8243; _module_preset=\u00bbdefault\u00bb text_font=\u00bbDMSans-extrabold||||||||\u00bb text_text_color=\u00bb#002469&#8243; text_font_size=\u00bb36px\u00bb text_line_height=\u00bb1.1em\u00bb width=\u00bb100%\u00bb width_tablet=\u00bb100%\u00bb width_phone=\u00bb100%\u00bb width_last_edited=\u00bboff|phone\u00bb module_alignment=\u00bbright\u00bb custom_margin=\u00bb||||false|false\u00bb text_font_size_tablet=\u00bb36px\u00bb text_font_size_phone=\u00bb28px\u00bb text_font_size_last_edited=\u00bbon|phone\u00bb module_alignment_tablet=\u00bbright\u00bb module_alignment_phone=\u00bbcenter\u00bb module_alignment_last_edited=\u00bbon|tablet\u00bb global_colors_info=\u00bb{}\u00bb]<\/p>\n<p>\u00bfQu\u00e9 hacemos?<\/p>\n<p>[\/et_pb_text][\/et_pb_column][\/et_pb_row][et_pb_row column_structure=\u00bb1_3,2_3&#8243; custom_padding_last_edited=\u00bbon|phone\u00bb _builder_version=\u00bb4.27.5&#8243; _module_preset=\u00bbdefault\u00bb background_enable_color=\u00bboff\u00bb width=\u00bb100%\u00bb width_tablet=\u00bb100%\u00bb width_phone=\u00bb100%\u00bb width_last_edited=\u00bbon|tablet\u00bb max_width=\u00bb100%\u00bb custom_padding=\u00bb||40px||false|false\u00bb custom_padding_tablet=\u00bb0px||||false|false\u00bb custom_padding_phone=\u00bb0px||||false|false\u00bb module_alignment_tablet=\u00bbleft\u00bb module_alignment_phone=\u00bbleft\u00bb module_alignment_last_edited=\u00bbon|tablet\u00bb global_colors_info=\u00bb{}\u00bb][et_pb_column type=\u00bb1_3&#8243; _builder_version=\u00bb4.27.4&#8243; _module_preset=\u00bbdefault\u00bb background_enable_color=\u00bboff\u00bb border_radii=\u00bboff||||\u00bb global_colors_info=\u00bb{}\u00bb][\/et_pb_column][et_pb_column type=\u00bb2_3&#8243; _builder_version=\u00bb4.27.4&#8243; _module_preset=\u00bbdefault\u00bb global_colors_info=\u00bb{}\u00bb][et_pb_text _builder_version=\u00bb4.27.5&#8243; _module_preset=\u00bbdefault\u00bb text_font=\u00bbDMSans-regular||||||||\u00bb text_text_color=\u00bb#4B4B4D\u00bb text_font_size=\u00bb17px\u00bb text_line_height=\u00bb1.8em\u00bb width=\u00bb80%\u00bb width_tablet=\u00bb80%\u00bb width_phone=\u00bb79%\u00bb width_last_edited=\u00bbon|tablet\u00bb module_alignment=\u00bbleft\u00bb custom_margin=\u00bb||30px||false|false\u00bb custom_margin_tablet=\u00bb0px||||false|false\u00bb custom_margin_phone=\u00bb0px||30px||false|false\u00bb custom_margin_last_edited=\u00bbon|phone\u00bb text_font_size_tablet=\u00bb16px\u00bb text_font_size_phone=\u00bb14px\u00bb text_font_size_last_edited=\u00bbon|phone\u00bb module_alignment_tablet=\u00bbcenter\u00bb module_alignment_phone=\u00bbcenter\u00bb module_alignment_last_edited=\u00bbon|tablet\u00bb global_colors_info=\u00bb{}\u00bb]<\/p>\n<p>Nuestro equipo realiza una evaluaci\u00f3n m\u00e9dica completa, que incluye:<\/p>\n<p>\u2022 Historia cl\u00ednica detallada y revisi\u00f3n de antecedentes.<br \/>\u2022 Evaluaci\u00f3n cardiol\u00f3gica.<br \/>\u2022 Ex\u00e1menes de laboratorio y estudios complementarios necesarios.<br \/>\u2022 Orientaci\u00f3n y recomendaciones personalizadas para optimizar la recuperaci\u00f3n.<\/p>\n<p>[\/et_pb_text][et_pb_text _builder_version=\u00bb4.27.5&#8243; _module_preset=\u00bbdefault\u00bb text_font=\u00bbDMSans-extrabold||||||||\u00bb text_text_color=\u00bb#4B4B4D\u00bb text_font_size=\u00bb17px\u00bb text_line_height=\u00bb1.8em\u00bb width=\u00bb80%\u00bb width_tablet=\u00bb80%\u00bb width_phone=\u00bb79%\u00bb width_last_edited=\u00bbon|tablet\u00bb module_alignment=\u00bbleft\u00bb custom_margin=\u00bb||30px||false|false\u00bb text_font_size_tablet=\u00bb16px\u00bb text_font_size_phone=\u00bb14px\u00bb text_font_size_last_edited=\u00bbon|phone\u00bb module_alignment_tablet=\u00bbcenter\u00bb module_alignment_phone=\u00bbcenter\u00bb module_alignment_last_edited=\u00bbon|tablet\u00bb global_colors_info=\u00bb{}\u00bb]<\/p>\n<p>El objetivo es minimizar riesgos y garantizar que el paciente llegue al quir\u00f3fano en las mejores condiciones posibles, brindando tranquilidad tanto al paciente como al equipo m\u00e9dico.<\/p>\n<p>[\/et_pb_text][\/et_pb_column][\/et_pb_row][et_pb_row use_custom_gutter=\u00bbon\u00bb gutter_width=\u00bb2&#8243; custom_padding_last_edited=\u00bbon|phone\u00bb _builder_version=\u00bb4.27.5&#8243; _module_preset=\u00bbdefault\u00bb background_color=\u00bb#FFFFFF\u00bb position_origin_r=\u00bbtop_right\u00bb horizontal_offset=\u00bb-10vw\u00bb horizontal_offset_tablet=\u00bb-80px\u00bb horizontal_offset_phone=\u00bb-40px\u00bb horizontal_offset_last_edited=\u00bbon|phone\u00bb width=\u00bb60%\u00bb width_tablet=\u00bb80%\u00bb width_phone=\u00bb80%\u00bb width_last_edited=\u00bbon|tablet\u00bb module_alignment=\u00bbcenter\u00bb custom_margin=\u00bb0px||0px||true|false\u00bb custom_padding=\u00bb60px|70px|0px|70px|false|true\u00bb custom_padding_tablet=\u00bb60px|90px|0px|90px|false|true\u00bb custom_padding_phone=\u00bb60px|40px|0px|40px|false|true\u00bb module_alignment_tablet=\u00bbleft\u00bb module_alignment_phone=\u00bbleft\u00bb module_alignment_last_edited=\u00bbon|tablet\u00bb border_radii=\u00bboff|90px|||\u00bb locked=\u00bboff\u00bb global_colors_info=\u00bb{}\u00bb][et_pb_column type=\u00bb4_4&#8243; _builder_version=\u00bb4.27.4&#8243; _module_preset=\u00bbdefault\u00bb global_colors_info=\u00bb{}\u00bb][et_pb_text _builder_version=\u00bb4.27.5&#8243; _module_preset=\u00bbdefault\u00bb text_font=\u00bbDMSans-extrabold||||||||\u00bb text_text_color=\u00bb#053B9E\u00bb text_font_size=\u00bb18px\u00bb global_colors_info=\u00bb{}\u00bb]<\/p>\n<p>Los estudios prequir\u00fargicos<br \/>se realizan con turno previo:<\/p>\n<p>[\/et_pb_text][\/et_pb_column][\/et_pb_row][et_pb_row column_structure=\u00bb1_3,1_3,1_3&#8243; use_custom_gutter=\u00bbon\u00bb gutter_width=\u00bb2&#8243; custom_padding_last_edited=\u00bbon|phone\u00bb _builder_version=\u00bb4.27.5&#8243; _module_preset=\u00bbdefault\u00bb background_color=\u00bb#FFFFFF\u00bb position_origin_r=\u00bbtop_right\u00bb horizontal_offset=\u00bb-10vw\u00bb horizontal_offset_tablet=\u00bb-80px\u00bb horizontal_offset_phone=\u00bb-40px\u00bb horizontal_offset_last_edited=\u00bbon|phone\u00bb width=\u00bb60%\u00bb width_tablet=\u00bb80%\u00bb width_phone=\u00bb80%\u00bb width_last_edited=\u00bbon|tablet\u00bb module_alignment=\u00bbcenter\u00bb custom_margin=\u00bb0px||0px||true|false\u00bb custom_padding=\u00bb60px|50px|0px|70px|false|false\u00bb custom_padding_tablet=\u00bb60px|50px|0px|90px|false|false\u00bb custom_padding_phone=\u00bb60px|50px|0px|40px|false|false\u00bb module_alignment_tablet=\u00bbleft\u00bb module_alignment_phone=\u00bbleft\u00bb module_alignment_last_edited=\u00bbon|tablet\u00bb border_radii=\u00bboff||||\u00bb locked=\u00bboff\u00bb global_colors_info=\u00bb{}\u00bb][et_pb_column type=\u00bb1_3&#8243; _builder_version=\u00bb4.27.4&#8243; _module_preset=\u00bbdefault\u00bb global_colors_info=\u00bb{}\u00bb][et_pb_blurb image=\u00bbhttps:\/\/ssancarlos.com.ar\/sancarlos\/wp-content\/uploads\/2025\/12\/84.webp\u00bb icon_placement=\u00bbleft\u00bb image_icon_width=\u00bb16px\u00bb module_class=\u00bbdatosAnuncios\u00bb _builder_version=\u00bb4.27.5&#8243; _module_preset=\u00bbdefault\u00bb header_font=\u00bbDMSans-regular||||||||\u00bb header_text_color=\u00bb#4B4B4D\u00bb header_font_size=\u00bb16px\u00bb body_font=\u00bbDMSans-regular||||||||\u00bb body_text_align=\u00bbleft\u00bb body_text_color=\u00bb#4B4B4D\u00bb body_font_size=\u00bb16px\u00bb body_line_height=\u00bb1.5em\u00bb image_icon_custom_margin=\u00bb|10px||0px|false|false\u00bb image_icon_custom_padding=\u00bb|0px||0px|false|false\u00bb custom_margin=\u00bb||||false|false\u00bb custom_padding=\u00bb||||false|false\u00bb custom_padding_tablet=\u00bb|||0px|false|false\u00bb custom_padding_phone=\u00bb|||0px|false|false\u00bb custom_padding_last_edited=\u00bbon|tablet\u00bb hover_enabled=\u00bb0&#8243; custom_css_free_form=\u00bb.datosAnuncios .et_pb_blurb_container {||  padding-left: 0px;||}\u00bb border_width_right=\u00bb2px\u00bb border_color_right=\u00bb#4B4B4D\u00bb border_radii_tablet=\u00bb\u00bb border_radii_phone=\u00bb\u00bb border_radii_last_edited=\u00bbon|phone\u00bb border_width_right_tablet=\u00bb0px\u00bb border_width_right_phone=\u00bb0px\u00bb border_width_right_last_edited=\u00bbon|tablet\u00bb border_width_left_tablet=\u00bb0px\u00bb border_width_left_phone=\u00bb0px\u00bb border_width_left_last_edited=\u00bbon|phone\u00bb locked=\u00bboff\u00bb global_colors_info=\u00bb{}\u00bb sticky_enabled=\u00bb0&#8243;]<\/p>\n<p>Pasaje Guti\u00e9rrez 980<br \/>Bariloche<\/p>\n<p>[\/et_pb_blurb][\/et_pb_column][et_pb_column type=\u00bb1_3&#8243; _builder_version=\u00bb4.27.4&#8243; _module_preset=\u00bbdefault\u00bb global_colors_info=\u00bb{}\u00bb][et_pb_blurb image=\u00bbhttps:\/\/ssancarlos.com.ar\/sancarlos\/wp-content\/uploads\/2025\/12\/83.webp\u00bb icon_placement=\u00bbleft\u00bb image_icon_width=\u00bb20px\u00bb module_class=\u00bbdatosAnuncios\u00bb _builder_version=\u00bb4.27.5&#8243; _module_preset=\u00bbdefault\u00bb header_font=\u00bbDMSans-regular||||||||\u00bb header_text_color=\u00bb#4B4B4D\u00bb header_font_size=\u00bb16px\u00bb body_font=\u00bbDMSans-regular||||||||\u00bb body_text_align=\u00bbleft\u00bb body_text_color=\u00bb#4B4B4D\u00bb body_font_size=\u00bb16px\u00bb body_line_height=\u00bb1.5em\u00bb image_icon_custom_margin=\u00bb|10px||0px|false|false\u00bb image_icon_custom_padding=\u00bb|0px||0px|false|false\u00bb custom_margin=\u00bb||||false|false\u00bb custom_padding=\u00bb||||false|false\u00bb hover_enabled=\u00bb0&#8243; custom_css_free_form=\u00bb.datosAnuncios .et_pb_blurb_container {||  padding-left: 0px;||}\u00bb border_width_right=\u00bb2px\u00bb border_color_right=\u00bb#4B4B4D\u00bb border_width_right_tablet=\u00bb0px\u00bb border_width_right_phone=\u00bb0px\u00bb border_width_right_last_edited=\u00bbon|phone\u00bb locked=\u00bboff\u00bb global_colors_info=\u00bb{}\u00bb sticky_enabled=\u00bb0&#8243;]<\/p>\n<p>Lunes a viernes<br \/>08:00 a 11:00 hs.<\/p>\n<p>[\/et_pb_blurb][\/et_pb_column][et_pb_column type=\u00bb1_3&#8243; _builder_version=\u00bb4.27.4&#8243; _module_preset=\u00bbdefault\u00bb global_colors_info=\u00bb{}\u00bb][et_pb_button button_url=\u00bbhttps:\/\/ssancarlos.com.ar\/sancarlos\/turnos\/\u00bb button_text=\u00bbSolicitar turno\u00bb button_alignment=\u00bbleft\u00bb _builder_version=\u00bb4.27.5&#8243; _module_preset=\u00bbdefault\u00bb custom_button=\u00bbon\u00bb button_text_size=\u00bb16px\u00bb button_text_color=\u00bb#FFFFFF\u00bb button_bg_color=\u00bb#00A6D6&#8243; button_border_width=\u00bb0px\u00bb button_border_radius=\u00bb50px\u00bb button_font=\u00bbDMSans-medium||||||||\u00bb button_use_icon=\u00bboff\u00bb custom_margin=\u00bb||20px|10px|false|false\u00bb box_shadow_style=\u00bbpreset1&#8243; locked=\u00bboff\u00bb global_colors_info=\u00bb{}\u00bb button_text_color__hover_enabled=\u00bbon|desktop\u00bb button_text_color__hover=\u00bb#00A6D6&#8243; button_bg_color__hover_enabled=\u00bbon|hover\u00bb button_bg_color__hover=\u00bb#FFFFFF\u00bb button_bg_enable_color__hover=\u00bbon\u00bb][\/et_pb_button][\/et_pb_column][\/et_pb_row][et_pb_row use_custom_gutter=\u00bbon\u00bb gutter_width=\u00bb2&#8243; custom_padding_last_edited=\u00bbon|phone\u00bb disabled_on=\u00bboff|off|off\u00bb _builder_version=\u00bb4.27.5&#8243; _module_preset=\u00bbdefault\u00bb background_color=\u00bb#FFFFFF\u00bb position_origin_r=\u00bbtop_right\u00bb horizontal_offset=\u00bb-10vw\u00bb horizontal_offset_tablet=\u00bb-10vw\u00bb horizontal_offset_phone=\u00bb-40px\u00bb horizontal_offset_last_edited=\u00bbon|phone\u00bb width=\u00bb60%\u00bb width_tablet=\u00bb80%\u00bb width_phone=\u00bb80%\u00bb width_last_edited=\u00bbon|tablet\u00bb module_alignment=\u00bbcenter\u00bb custom_margin=\u00bb0px||||false|false\u00bb custom_padding=\u00bb40px|70px|60px|70px|false|true\u00bb custom_padding_tablet=\u00bb40px||60px|50px|false|false\u00bb custom_padding_phone=\u00bb40px|0px|60px|40px|false|false\u00bb module_alignment_tablet=\u00bbleft\u00bb module_alignment_phone=\u00bbleft\u00bb module_alignment_last_edited=\u00bbon|tablet\u00bb border_radii=\u00bboff|||90px|\u00bb locked=\u00bboff\u00bb global_colors_info=\u00bb{}\u00bb][et_pb_column type=\u00bb4_4&#8243; _builder_version=\u00bb4.27.4&#8243; _module_preset=\u00bbdefault\u00bb global_colors_info=\u00bb{}\u00bb][et_pb_text _builder_version=\u00bb4.27.5&#8243; _module_preset=\u00bbdefault\u00bb text_font=\u00bbDMSans-extrabold||||||||\u00bb text_text_color=\u00bb#4B4B4D\u00bb text_font_size=\u00bb17px\u00bb text_line_height=\u00bb1.8em\u00bb width_tablet=\u00bb\u00bb width_phone=\u00bb82%\u00bb width_last_edited=\u00bbon|phone\u00bb text_font_size_tablet=\u00bb16px\u00bb text_font_size_phone=\u00bb14px\u00bb text_font_size_last_edited=\u00bbon|phone\u00bb global_colors_info=\u00bb{}\u00bb]<\/p>\n<p><span class=\"x19la9d6 x1fc57z9 x6ikm8r x10wlt62 x19co3pv x11tp94h xfibh0p xiy17q3 x1xsqp64 x1lkfr7t xexx8yu xyri2b x18d9i69 x1c1uobl\"><span class=\"xrtxmta x1bhl96m\">\u26a0\ufe0f <\/span><\/span>Importante:<br \/>\u2022 Para su comodidad, todos los estudios pueden realizarse en una sola sede y en el mismo d\u00eda.<br \/>\u2022 Presentarse en ayunas y con la orden m\u00e9dica correspondiente.<\/p>\n<p>[\/et_pb_text][\/et_pb_column][\/et_pb_row][\/et_pb_section]<\/p>\n","protected":false},"excerpt":{"rendered":"<p>PREQUIR\u00daRGICOSEl Sanatorio San Carlos brinda un servicio integral de Prequir\u00fargicos, orientado a preparar a cada paciente antes de su intervenci\u00f3n.Nuestro objetivo es garantizar que cada procedimiento se realice de manera segura, eficiente y con el acompa\u00f1amiento necesario, asegurando las mejores condiciones para el \u00e9xito quir\u00fargico y la recuperaci\u00f3n posterior.\u00bfQu\u00e9 hacemos?Nuestro equipo realiza una evaluaci\u00f3n m\u00e9dica [&hellip;]<\/p>\n","protected":false},"author":3,"featured_media":0,"parent":0,"menu_order":0,"comment_status":"closed","ping_status":"closed","template":"","meta":{"_et_pb_use_builder":"on","_et_pb_old_content":"","_et_gb_content_width":"","footnotes":""},"class_list":["post-271","page","type-page","status-publish","hentry"],"yoast_head":"<!-- This site is optimized with the Yoast SEO plugin v26.4 - https:\/\/yoast.com\/wordpress\/plugins\/seo\/ -->\n<title>Prequir\u00fargicos - Sanatorio San Carlos<\/title>\n<meta name=\"robots\" content=\"index, follow, max-snippet:-1, max-image-preview:large, max-video-preview:-1\" \/>\n<link rel=\"canonical\" href=\"https:\/\/ssancarlos.com.ar\/sancarlos\/prequirurgicos\/\" \/>\n<meta property=\"og:locale\" content=\"es_ES\" \/>\n<meta property=\"og:type\" content=\"article\" \/>\n<meta property=\"og:title\" content=\"Prequir\u00fargicos - Sanatorio San Carlos\" \/>\n<meta property=\"og:description\" content=\"PREQUIR\u00daRGICOSEl Sanatorio San Carlos brinda un servicio integral de Prequir\u00fargicos, orientado a preparar a cada paciente antes de su intervenci\u00f3n.Nuestro objetivo es garantizar que cada procedimiento se realice de manera segura, eficiente y con el acompa\u00f1amiento necesario, asegurando las mejores condiciones para el \u00e9xito quir\u00fargico y la recuperaci\u00f3n posterior.\u00bfQu\u00e9 hacemos?Nuestro equipo realiza una evaluaci\u00f3n m\u00e9dica [&hellip;]\" \/>\n<meta property=\"og:url\" content=\"https:\/\/ssancarlos.com.ar\/sancarlos\/prequirurgicos\/\" \/>\n<meta property=\"og:site_name\" content=\"Sanatorio San Carlos\" \/>\n<meta property=\"article:modified_time\" content=\"2026-02-04T13:28:08+00:00\" \/>\n<meta name=\"twitter:card\" content=\"summary_large_image\" \/>\n<script type=\"application\/ld+json\" class=\"yoast-schema-graph\">{\"@context\":\"https:\/\/schema.org\",\"@graph\":[{\"@type\":\"WebPage\",\"@id\":\"https:\/\/ssancarlos.com.ar\/sancarlos\/prequirurgicos\/\",\"url\":\"https:\/\/ssancarlos.com.ar\/sancarlos\/prequirurgicos\/\",\"name\":\"Prequir\u00fargicos - Sanatorio San Carlos\",\"isPartOf\":{\"@id\":\"https:\/\/ssancarlos.com.ar\/sancarlos\/#website\"},\"datePublished\":\"2025-11-19T13:10:54+00:00\",\"dateModified\":\"2026-02-04T13:28:08+00:00\",\"breadcrumb\":{\"@id\":\"https:\/\/ssancarlos.com.ar\/sancarlos\/prequirurgicos\/#breadcrumb\"},\"inLanguage\":\"es\",\"potentialAction\":[{\"@type\":\"ReadAction\",\"target\":[\"https:\/\/ssancarlos.com.ar\/sancarlos\/prequirurgicos\/\"]}]},{\"@type\":\"BreadcrumbList\",\"@id\":\"https:\/\/ssancarlos.com.ar\/sancarlos\/prequirurgicos\/#breadcrumb\",\"itemListElement\":[{\"@type\":\"ListItem\",\"position\":1,\"name\":\"Inicio\",\"item\":\"https:\/\/ssancarlos.com.ar\/sancarlos\/\"},{\"@type\":\"ListItem\",\"position\":2,\"name\":\"Prequir\u00fargicos\"}]},{\"@type\":\"WebSite\",\"@id\":\"https:\/\/ssancarlos.com.ar\/sancarlos\/#website\",\"url\":\"https:\/\/ssancarlos.com.ar\/sancarlos\/\",\"name\":\"Sanatorio San Carlos\",\"description\":\"Ofrecemos atenci\u00f3n m\u00e9dica integral, tecnolog\u00eda de \u00faltima generaci\u00f3n y un equipo de profesionales altamente capacitados, comprometidos con la calidad, la seguridad del paciente y el cuidado humano.\",\"potentialAction\":[{\"@type\":\"SearchAction\",\"target\":{\"@type\":\"EntryPoint\",\"urlTemplate\":\"https:\/\/ssancarlos.com.ar\/sancarlos\/?s={search_term_string}\"},\"query-input\":{\"@type\":\"PropertyValueSpecification\",\"valueRequired\":true,\"valueName\":\"search_term_string\"}}],\"inLanguage\":\"es\"}]}<\/script>\n<!-- \/ Yoast SEO plugin. -->","yoast_head_json":{"title":"Prequir\u00fargicos - Sanatorio San Carlos","robots":{"index":"index","follow":"follow","max-snippet":"max-snippet:-1","max-image-preview":"max-image-preview:large","max-video-preview":"max-video-preview:-1"},"canonical":"https:\/\/ssancarlos.com.ar\/sancarlos\/prequirurgicos\/","og_locale":"es_ES","og_type":"article","og_title":"Prequir\u00fargicos - Sanatorio San Carlos","og_description":"PREQUIR\u00daRGICOSEl Sanatorio San Carlos brinda un servicio integral de Prequir\u00fargicos, orientado a preparar a cada paciente antes de su intervenci\u00f3n.Nuestro objetivo es garantizar que cada procedimiento se realice de manera segura, eficiente y con el acompa\u00f1amiento necesario, asegurando las mejores condiciones para el \u00e9xito quir\u00fargico y la recuperaci\u00f3n posterior.\u00bfQu\u00e9 hacemos?Nuestro equipo realiza una evaluaci\u00f3n m\u00e9dica [&hellip;]","og_url":"https:\/\/ssancarlos.com.ar\/sancarlos\/prequirurgicos\/","og_site_name":"Sanatorio San Carlos","article_modified_time":"2026-02-04T13:28:08+00:00","twitter_card":"summary_large_image","schema":{"@context":"https:\/\/schema.org","@graph":[{"@type":"WebPage","@id":"https:\/\/ssancarlos.com.ar\/sancarlos\/prequirurgicos\/","url":"https:\/\/ssancarlos.com.ar\/sancarlos\/prequirurgicos\/","name":"Prequir\u00fargicos - Sanatorio San Carlos","isPartOf":{"@id":"https:\/\/ssancarlos.com.ar\/sancarlos\/#website"},"datePublished":"2025-11-19T13:10:54+00:00","dateModified":"2026-02-04T13:28:08+00:00","breadcrumb":{"@id":"https:\/\/ssancarlos.com.ar\/sancarlos\/prequirurgicos\/#breadcrumb"},"inLanguage":"es","potentialAction":[{"@type":"ReadAction","target":["https:\/\/ssancarlos.com.ar\/sancarlos\/prequirurgicos\/"]}]},{"@type":"BreadcrumbList","@id":"https:\/\/ssancarlos.com.ar\/sancarlos\/prequirurgicos\/#breadcrumb","itemListElement":[{"@type":"ListItem","position":1,"name":"Inicio","item":"https:\/\/ssancarlos.com.ar\/sancarlos\/"},{"@type":"ListItem","position":2,"name":"Prequir\u00fargicos"}]},{"@type":"WebSite","@id":"https:\/\/ssancarlos.com.ar\/sancarlos\/#website","url":"https:\/\/ssancarlos.com.ar\/sancarlos\/","name":"Sanatorio San Carlos","description":"Ofrecemos atenci\u00f3n m\u00e9dica integral, tecnolog\u00eda de \u00faltima generaci\u00f3n y un equipo de profesionales altamente capacitados, comprometidos con la calidad, la seguridad del paciente y el cuidado humano.","potentialAction":[{"@type":"SearchAction","target":{"@type":"EntryPoint","urlTemplate":"https:\/\/ssancarlos.com.ar\/sancarlos\/?s={search_term_string}"},"query-input":{"@type":"PropertyValueSpecification","valueRequired":true,"valueName":"search_term_string"}}],"inLanguage":"es"}]}},"_links":{"self":[{"href":"https:\/\/ssancarlos.com.ar\/sancarlos\/wp-json\/wp\/v2\/pages\/271","targetHints":{"allow":["GET"]}}],"collection":[{"href":"https:\/\/ssancarlos.com.ar\/sancarlos\/wp-json\/wp\/v2\/pages"}],"about":[{"href":"https:\/\/ssancarlos.com.ar\/sancarlos\/wp-json\/wp\/v2\/types\/page"}],"author":[{"embeddable":true,"href":"https:\/\/ssancarlos.com.ar\/sancarlos\/wp-json\/wp\/v2\/users\/3"}],"replies":[{"embeddable":true,"href":"https:\/\/ssancarlos.com.ar\/sancarlos\/wp-json\/wp\/v2\/comments?post=271"}],"version-history":[{"count":77,"href":"https:\/\/ssancarlos.com.ar\/sancarlos\/wp-json\/wp\/v2\/pages\/271\/revisions"}],"predecessor-version":[{"id":3047,"href":"https:\/\/ssancarlos.com.ar\/sancarlos\/wp-json\/wp\/v2\/pages\/271\/revisions\/3047"}],"wp:attachment":[{"href":"https:\/\/ssancarlos.com.ar\/sancarlos\/wp-json\/wp\/v2\/media?parent=271"}],"curies":[{"name":"wp","href":"https:\/\/api.w.org\/{rel}","templated":true}]}}